{"id":3,"date":"2021-11-02T15:01:35","date_gmt":"2021-11-02T15:01:35","guid":{"rendered":"https:\/\/avar.de\/?page_id=3"},"modified":"2021-11-02T15:50:39","modified_gmt":"2021-11-02T14:50:39","slug":"privacy-policy","status":"publish","type":"page","link":"https:\/\/www.avar.de\/?page_id=3","title":{"rendered":"Datenschutz"},"content":{"rendered":"\n<h2 class=\"wp-block-heading\">Wer wir sind<\/h2>\n\n\n\n<p>Die Adresse dieser Website ist: https:\/\/www.avar.de. Diese Website schildert ein virtuelles K\u00f6nigreich \u2013&nbsp;ein Kunstprojekt, an dem ich seit \u00fcber 30 Jahren immer mal wieder arbeite. Ich bin Olaf Welling, ein freiberuflich-selbst\u00e4ndiger <a href=\"https:\/\/www.olafwelling.de\/\" target=\"_blank\" rel=\"noreferrer noopener\">Grafik-Designer<\/a>. <\/p>\n\n\n\n<h2 class=\"wp-block-heading\">Cookies<\/h2>\n\n\n\n<p>Zum aktuellen Zeitpunkt werden nur Cookies f\u00fcr den Admin gespeichert, beim normalen Besuch der Seite sollen keine Cookies gespeichert werden. <\/p>\n\n\n\n<h2 class=\"wp-block-heading\">Eingebettete Inhalte von anderen Websites<\/h2>\n\n\n\n<p>Beitr\u00e4ge auf dieser Website k\u00f6nnen eingebettete Inhalte beinhalten (z.&nbsp;B. Videos, Bilder, Beitr\u00e4ge etc.). Eingebettete Inhalte von anderen Websites verhalten sich exakt so, als ob der Besucher die andere Website besucht h\u00e4tte.<\/p>\n\n\n\n<p>Diese Websites k\u00f6nnen Daten \u00fcber dich sammeln, Cookies benutzen, zus\u00e4tzliche Tracking-Dienste von Dritten einbetten und deine Interaktion mit diesem eingebetteten Inhalt aufzeichnen, inklusive deiner Interaktion mit dem eingebetteten Inhalt, falls du ein Konto hast und auf dieser Website angemeldet bist.<\/p>\n\n\n\n<h2 class=\"wp-block-heading\">Mit wem wir deine Daten teilen<\/h2>\n\n\n\n<p>Ich verlange nirgends die Bekanntgabe von Daten. Wenn Sie mir \u00fcber die Kontaktseite schreiben, kann ich Ihre eMail erfahren. Diese gebe ich niemandem weiter. <\/p>\n\n\n\n<h2 class=\"wp-block-heading\">Welche Rechte du an deinen Daten hast<\/h2>\n\n\n\n<p>Wenn du ein Konto auf dieser Website besitzt oder Kommentare geschrieben hast, kannst du einen Export deiner personenbezogenen Daten bei uns anfordern, inklusive aller Daten, die du uns mitgeteilt hast. Dar\u00fcber hinaus kannst du die L\u00f6schung aller personenbezogenen Daten, die wir von dir gespeichert haben, anfordern. Dies umfasst nicht die Daten, die wir aufgrund administrativer, rechtlicher oder sicherheitsrelevanter Notwendigkeiten aufbewahren m\u00fcssen.<\/p>\n","protected":false},"excerpt":{"rendered":"<p>Wer wir sind Die Adresse dieser Website ist: https:\/\/www.avar.de. Diese Website schildert ein virtuelles K\u00f6nigreich \u2013&nbsp;ein Kunstprojekt, an dem ich seit \u00fcber 30 Jahren immer mal wieder arbeite. Ich bin Olaf Welling, ein freiberuflich-selbst\u00e4ndiger Grafik-Designer. Cookies Zum aktuellen Zeitpunkt werden nur Cookies f\u00fcr den Admin gespeichert, beim normalen Besuch der Seite sollen keine Cookies gespeichert [&hellip;]<\/p>\n","protected":false},"author":1,"featured_media":0,"parent":0,"menu_order":0,"comment_status":"closed","ping_status":"open","template":"","meta":{"footnotes":""},"class_list":["post-3","page","type-page","status-publish","hentry","post-preview"],"_links":{"self":[{"href":"https:\/\/www.avar.de\/index.php?rest_route=\/wp\/v2\/pages\/3","targetHints":{"allow":["GET"]}}],"collection":[{"href":"https:\/\/www.avar.de\/index.php?rest_route=\/wp\/v2\/pages"}],"about":[{"href":"https:\/\/www.avar.de\/index.php?rest_route=\/wp\/v2\/types\/page"}],"author":[{"embeddable":true,"href":"https:\/\/www.avar.de\/index.php?rest_route=\/wp\/v2\/users\/1"}],"replies":[{"embeddable":true,"href":"https:\/\/www.avar.de\/index.php?rest_route=%2Fwp%2Fv2%2Fcomments&post=3"}],"version-history":[{"count":2,"href":"https:\/\/www.avar.de\/index.php?rest_route=\/wp\/v2\/pages\/3\/revisions"}],"predecessor-version":[{"id":18,"href":"https:\/\/www.avar.de\/index.php?rest_route=\/wp\/v2\/pages\/3\/revisions\/18"}],"wp:attachment":[{"href":"https:\/\/www.avar.de\/index.php?rest_route=%2Fwp%2Fv2%2Fmedia&parent=3"}],"curies":[{"name":"wp","href":"https:\/\/api.w.org\/{rel}","templated":true}]}}